{"id":702,"date":"2025-02-27T23:28:39","date_gmt":"2025-02-27T23:28:39","guid":{"rendered":"https:\/\/andreavalomo.com\/?page_id=702"},"modified":"2025-06-26T19:42:46","modified_gmt":"2025-06-26T19:42:46","slug":"cronoskin","status":"publish","type":"page","link":"https:\/\/andreavalomo.com\/es\/linhas-de-produtos\/cronoskin\/","title":{"rendered":"Cronoskin"},"content":{"rendered":"<div class=\"wpb-content-wrapper\"><div data-parent=\"true\" class=\"vc_row row-container\" id=\"row-unique-0\"><div class=\"row-background background-element\">\n\t\t\t\t\t\t\t\t\t\t\t<div class=\"background-wrapper\">\n\t\t\t\t\t\t\t\t\t\t\t\t<div class=\"background-inner\" style=\"background-image: url(https:\/\/andreavalomo.com\/wp-content\/uploads\/2025\/06\/Cronoskin_BG.jpg);background-repeat: no-repeat;background-position: center center;background-attachment: scroll;background-size: cover;\"><\/div>\n\t\t\t\t\t\t\t\t\t\t\t\t\n\t\t\t\t\t\t\t\t\t\t\t<\/div>\n\t\t\t\t\t\t\t\t\t\t<\/div><div class=\"row no-top-padding single-bottom-padding single-h-padding limit-width row-parent\" data-height-ratio=\"60\"><div class=\"wpb_row row-inner\"><div class=\"wpb_column pos-top pos-center align_left column_parent col-lg-12 single-internal-gutter\"><div class=\"uncol style-light\"  ><div class=\"uncoltable\"><div class=\"uncell no-block-padding\" ><div class=\"uncont\" ><div class=\"vc_row row-internal row-container\"><div class=\"row unequal row-child\" data-height=\"100\"><div class=\"wpb_row row-inner\"><div class=\"wpb_column pos-middle pos-center align_left column_child col-lg-6 single-internal-gutter\"><div class=\"uncol style-dark\" ><div class=\"uncoltable\"><div class=\"uncell no-block-padding\" ><div class=\"uncont\" ><div class=\"vc_custom_heading_wrap\"><div class=\"heading-text el-text heading-bigtext\" ><h1 class=\"bigtext\" ><span>CRONOSKIN<\/span><\/h1><\/div><div class=\"clear\"><\/div><\/div><div class=\"vc_custom_heading_wrap\"><div class=\"heading-text el-text\" ><h2 class=\"h2\" ><span>COSMEC\u00c9UTICOS AVANZADOS CON RESULTADOS VISIBLES EN 6 SEMANAS<\/span><\/h2><\/div><div class=\"clear\"><\/div><\/div><\/div><\/div><\/div><\/div><\/div><div class=\"wpb_column pos-top pos-center align_left column_child col-lg-6 single-internal-gutter\"><div class=\"uncol style-light\" ><div class=\"uncoltable\"><div class=\"uncell no-block-padding\" ><div class=\"uncont\" ><\/div><\/div><\/div><\/div><\/div><\/div><\/div><\/div><\/div><\/div><\/div><\/div><\/div><script id=\"script-row-unique-0\" data-row=\"script-row-unique-0\" type=\"text\/javascript\" class=\"vc_controls\">UNCODE.initRow(document.getElementById(\"row-unique-0\"));<\/script><\/div><\/div><\/div><div data-parent=\"true\" class=\"vc_row row-container\" id=\"row-unique-1\"><div class=\"row-background background-element\">\n\t\t\t\t\t\t\t\t\t\t\t<div class=\"background-wrapper\">\n\t\t\t\t\t\t\t\t\t\t\t\t<div class=\"background-inner\" style=\"background-image: url(https:\/\/andreavalomo.com\/wp-content\/uploads\/2025\/06\/Crono-BG_PAGE.jpg);background-repeat: no-repeat;background-position: center center;background-attachment: scroll;background-size: contain;\"><\/div>\n\t\t\t\t\t\t\t\t\t\t\t\t\n\t\t\t\t\t\t\t\t\t\t\t<\/div>\n\t\t\t\t\t\t\t\t\t\t<\/div><div class=\"row single-top-padding no-bottom-padding single-h-padding limit-width row-parent\"><div class=\"wpb_row row-inner\"><div class=\"wpb_column pos-top pos-center align_left column_parent col-lg-12 single-internal-gutter\"><div class=\"uncol style-light\"  ><div class=\"uncoltable\"><div class=\"uncell no-block-padding\" ><div class=\"uncont\" ><div class=\"vc_row row-internal row-container\"><div class=\"row row-child\"><div class=\"wpb_row row-inner\"><div class=\"wpb_column pos-top pos-center align_left column_child col-lg-6 single-internal-gutter\"><div class=\"uncol style-light\" ><div class=\"uncoltable\"><div class=\"uncell no-block-padding\" ><div class=\"uncont\" ><div class=\"uncode_text_column\" ><p>CRONOSKIN es un sistema de tratamiento m\u00e9dico-est\u00e9tico dise\u00f1ado para ofrecer<strong> resultados r\u00e1pidos y visibles<\/strong> en pieles con signos de envejecimiento, acn\u00e9, manchas, sensibilidad o p\u00e9rdida de firmeza.<br \/>\nDesarrollado sobre la base de m\u00e1s de 30 a\u00f1os de experiencia e investigaci\u00f3n en est\u00e9tica, combina f\u00f3rmulas cosmec\u00e9uticas con protocolos exclusivos en consulta y seguimiento en casa.<\/p>\n<\/div><\/div><\/div><\/div><\/div><\/div><div class=\"wpb_column pos-top pos-center align_left column_child col-lg-6 single-internal-gutter\"><div class=\"uncol style-light\" ><div class=\"uncoltable\"><div class=\"uncell no-block-padding\" ><div class=\"uncont\" ><\/div><\/div><\/div><\/div><\/div><\/div><\/div><\/div><div class=\"vc_row row-internal row-container\"><div class=\"row row-child\"><div class=\"wpb_row row-inner\"><div class=\"wpb_column pos-top pos-center align_left column_child col-lg-6 single-internal-gutter\"><div class=\"uncol style-light\" ><div class=\"uncoltable\"><div class=\"uncell no-block-padding\" ><div class=\"uncont\" ><\/div><\/div><\/div><\/div><\/div><div class=\"wpb_column pos-top pos-center align_left column_child col-lg-6 single-internal-gutter\"><div class=\"uncol style-light\" ><div class=\"uncoltable\"><div class=\"uncell no-block-padding\" ><div class=\"uncont\" ><div class=\"uncode_text_column\" ><p>O <strong>M\u00c9TODO CHRONOSKIN<\/strong> incluye 6 sesiones en consulta que incluyen exfoliaci\u00f3n qu\u00edmica, correcci\u00f3n de la piel y cicatrizaci\u00f3n<br \/>\nregeneradora. Los tratamientos se personalizan siempre seg\u00fan cuatro enfoques:<\/p>\n<ul>\n<li><strong>M\u00e9todo NeuroAge<\/strong> - arrugas, flacidez y piel desvitalizada<\/li>\n<li><strong>M\u00e9todo neurocelular<\/strong> - regeneraci\u00f3n intensiva<\/li>\n<li><strong>M\u00e9todo NeuroRefiner<\/strong> - manchas, acn\u00e9 y textura irregular<\/li>\n<li><strong>M\u00e9todo NeuroSensitive<\/strong> - pieles sensibles y reactivas<\/li>\n<\/ul>\n<p>Cada protocolo combina principios activos de \u00faltima generaci\u00f3n con exclusivos masajes de lifting y sensoriales, potenciando los resultados y promoviendo el bienestar.<\/p>\n<\/div><\/div><\/div><\/div><\/div><\/div><\/div><\/div><\/div><div class=\"vc_row row-internal row-container\"><div class=\"row row-child\"><div class=\"wpb_row row-inner\"><div class=\"wpb_column pos-top pos-center align_left column_child col-lg-6 single-internal-gutter\"><div class=\"uncol style-light\" ><div class=\"uncoltable\"><div class=\"uncell no-block-padding\" ><div class=\"uncont\" ><div class=\"uncode_text_column\" ><p><strong>Cosm\u00e9ticos de alta tecnolog\u00eda centrados en los resultados<\/strong><br \/>\nLos productos de la gama CRONOSKIN incluyen:<\/p>\n<ul>\n<li>Peelings qu\u00edmicos exclusivos con <strong>\u00e1cidos combinados<\/strong><\/li>\n<li>Cremas y concentrados con <strong>f\u00f3rmulas epigen\u00e9ticas<\/strong><\/li>\n<li>M\u00e1scaras de vell\u00f3n y alginato de <strong>acci\u00f3n cl\u00ednica<\/strong><\/li>\n<li>Potenciadores para mejorar cualquier tratamiento o crema<\/li>\n<\/ul>\n<p>\n<\/div><\/div><\/div><\/div><\/div><\/div><div class=\"wpb_column pos-top pos-center align_left column_child col-lg-6 single-internal-gutter\"><div class=\"uncol style-light\" ><div class=\"uncoltable\"><div class=\"uncell no-block-padding\" ><div class=\"uncont\" ><div class=\"uncode-single-media  text-center\"><div class=\"single-wrapper\" style=\"max-width: 100%;\"><div class=\"tmb tmb-light  tmb-media-first tmb-media-last tmb-content-overlay tmb-no-bg\"><div class=\"t-inside\"><div class=\"t-entry-visual\"><div class=\"t-entry-visual-tc\"><div class=\"uncode-single-media-wrapper\"><img decoding=\"async\" class=\"wp-image-1260\" src=\"https:\/\/andreavalomo.com\/wp-content\/uploads\/2025\/06\/CRONOSKIN-PRODUCTS.jpg\" width=\"900\" height=\"900\" alt=\"\" srcset=\"https:\/\/andreavalomo.com\/wp-content\/uploads\/2025\/06\/CRONOSKIN-PRODUCTS.jpg 900w, https:\/\/andreavalomo.com\/wp-content\/uploads\/2025\/06\/CRONOSKIN-PRODUCTS-300x300.jpg 300w, https:\/\/andreavalomo.com\/wp-content\/uploads\/2025\/06\/CRONOSKIN-PRODUCTS-150x150.jpg 150w, https:\/\/andreavalomo.com\/wp-content\/uploads\/2025\/06\/CRONOSKIN-PRODUCTS-768x768.jpg 768w, https:\/\/andreavalomo.com\/wp-content\/uploads\/2025\/06\/CRONOSKIN-PRODUCTS-350x350.jpg 350w, https:\/\/andreavalomo.com\/wp-content\/uploads\/2025\/06\/CRONOSKIN-PRODUCTS-348x348.jpg 348w\" sizes=\"(max-width: 900px) 100vw, 900px\" \/><\/div>\n\t\t\t\t\t<\/div>\n\t\t\t\t<\/div><\/div><\/div><\/div><\/div><\/div><\/div><\/div><\/div><\/div><\/div><\/div><\/div><\/div><\/div><\/div><\/div><\/div><script id=\"script-row-unique-1\" data-row=\"script-row-unique-1\" type=\"text\/javascript\" class=\"vc_controls\">UNCODE.initRow(document.getElementById(\"row-unique-1\"));<\/script><\/div><\/div><\/div>\n<\/div>","protected":false},"excerpt":{"rendered":"CRONOSKINCOSMEC\u00c9UTICA AVANZADA CON RESULTADOS VISIBLES EN 6 SEMANAS CRONOSKIN es un sistema de tratamiento m\u00e9dico-est\u00e9tico dise\u00f1ado para ofrecer resultados r\u00e1pidos [...]","protected":false},"author":1,"featured_media":0,"parent":544,"menu_order":0,"comment_status":"closed","ping_status":"closed","template":"","meta":{"footnotes":""},"class_list":["post-702","page","type-page","status-publish","hentry"],"_links":{"self":[{"href":"https:\/\/andreavalomo.com\/es\/wp-json\/wp\/v2\/pages\/702","targetHints":{"allow":["GET"]}}],"collection":[{"href":"https:\/\/andreavalomo.com\/es\/wp-json\/wp\/v2\/pages"}],"about":[{"href":"https:\/\/andreavalomo.com\/es\/wp-json\/wp\/v2\/types\/page"}],"author":[{"embeddable":true,"href":"https:\/\/andreavalomo.com\/es\/wp-json\/wp\/v2\/users\/1"}],"replies":[{"embeddable":true,"href":"https:\/\/andreavalomo.com\/es\/wp-json\/wp\/v2\/comments?post=702"}],"version-history":[{"count":0,"href":"https:\/\/andreavalomo.com\/es\/wp-json\/wp\/v2\/pages\/702\/revisions"}],"up":[{"embeddable":true,"href":"https:\/\/andreavalomo.com\/es\/wp-json\/wp\/v2\/pages\/544"}],"wp:attachment":[{"href":"https:\/\/andreavalomo.com\/es\/wp-json\/wp\/v2\/media?parent=702"}],"curies":[{"name":"wp","href":"https:\/\/api.w.org\/{rel}","templated":true}]}}