{"id":7,"date":"2024-11-30T11:21:38","date_gmt":"2024-11-30T11:21:38","guid":{"rendered":"https:\/\/andreavalomo.com\/?page_id=7"},"modified":"2025-06-27T13:35:14","modified_gmt":"2025-06-27T13:35:14","slug":"home","status":"publish","type":"page","link":"https:\/\/andreavalomo.com\/es\/","title":{"rendered":"Inicio"},"content":{"rendered":"<div class=\"wpb-content-wrapper\"><div data-parent=\"true\" class=\"vc_row style-color-xsdn-bg row-container\" id=\"row-unique-0\"><div class=\"row-background background-element\">\n\t\t\t\t\t\t\t\t\t\t\t<div class=\"background-wrapper\">\n\t\t\t\t\t\t\t\t\t\t\t\t<div class=\"background-inner\" style=\"background-image: url(https:\/\/andreavalomo.com\/wp-content\/uploads\/2025\/06\/Banner-rosto-BG.jpg);background-repeat: no-repeat;background-position: center center;background-attachment: scroll;background-size: cover;\"><\/div>\n\t\t\t\t\t\t\t\t\t\t\t\t\n\t\t\t\t\t\t\t\t\t\t\t<\/div>\n\t\t\t\t\t\t\t\t\t\t<\/div><div class=\"row triple-top-padding double-bottom-padding single-h-padding limit-width row-parent\" data-height-ratio=\"80\"><div class=\"wpb_row row-inner\"><div class=\"wpb_column pos-bottom pos-center align_left column_parent col-lg-12 half-internal-gutter\"><div class=\"uncol style-dark\"  ><div class=\"uncoltable\"><div class=\"uncell no-block-padding\" ><div class=\"uncont\" ><div class=\"empty-space empty-single\" ><span class=\"empty-space-inner\"><\/span><\/div>\n<span class=\"btn-container\" ><a href=\"\/es\/linhas-de-produtos\/cronoskin\/\" class=\"custom-link btn btn-lg border-width-0 btn-color-jevc btn-icon-left\" title=\"Cronoskin\">M\u00e9todo Cronoskin<\/a><\/span><\/div><\/div><\/div><\/div><\/div><script id=\"script-row-unique-0\" data-row=\"script-row-unique-0\" type=\"text\/javascript\" class=\"vc_controls\">UNCODE.initRow(document.getElementById(\"row-unique-0\"));<\/script><\/div><\/div><\/div><div data-parent=\"true\" class=\"vc_row row-container\" id=\"row-unique-1\"><div class=\"row triple-top-padding single-bottom-padding single-h-padding full-width row-parent\" data-height-ratio=\"50\"><div class=\"wpb_row row-inner\"><div class=\"wpb_column pos-top pos-center align_center column_parent col-lg-12 single-internal-gutter\"><div class=\"uncol style-light\"  ><div class=\"uncoltable\"><div class=\"uncell no-block-padding\" ><div class=\"uncont\" ><div class=\"vc_custom_heading_wrap\"><div class=\"heading-text el-text\" ><h2 class=\"h2 text-uppercase\" ><span>Los pilares de la marca<\/span><\/h2><\/div><div class=\"clear\"><\/div><\/div><div class=\"vc_row row-internal row-container\"><div class=\"row unequal row-child\" data-height=\"100\"><div class=\"wpb_row row-inner\"><div class=\"wpb_column pos-bottom pos-center align_center column_child col-lg-3 single-internal-gutter\"><div class=\"uncol style-light\" ><div class=\"uncoltable\"><div class=\"uncell single-block-padding\" ><div class=\"column-background background-element\">\n\t\t\t\t\t\t\t\t\t\t\t<div class=\"background-wrapper\">\n\t\t\t\t\t\t\t\t\t\t\t\t<div class=\"background-inner\" style=\"background-image: url(https:\/\/andreavalomo.com\/wp-content\/uploads\/2025\/06\/Investigacao.jpg);background-repeat: no-repeat;background-position: center center;background-size: cover;\" data-o_src=\"https:\/\/andreavalomo.com\/wp-content\/uploads\/2025\/06\/Investigacao.jpg\"><\/div>\n\t\t\t\t\t\t\t\t\t\t\t\t\n\t\t\t\t\t\t\t\t\t\t\t<\/div>\n\t\t\t\t\t\t\t\t\t\t<\/div><div class=\"uncont\" ><span class=\"btn-container\" ><a href=\"\" class=\"custom-link btn border-width-0 btn-color-699344 btn-default-shape btn-icon-left btn-ripple-out btn-border-animated\" style=\"min-width:200px\">INVESTIGACI\u00d3N<\/a><\/span><\/div><\/div><\/div><\/div><\/div><div class=\"wpb_column pos-bottom pos-center align_center column_child col-lg-3 single-internal-gutter\"><div class=\"uncol style-light\" ><div class=\"uncoltable\"><div class=\"uncell single-block-padding\" ><div class=\"column-background background-element\">\n\t\t\t\t\t\t\t\t\t\t\t<div class=\"background-wrapper\">\n\t\t\t\t\t\t\t\t\t\t\t\t<div class=\"background-inner\" style=\"background-image: url(https:\/\/andreavalomo.com\/wp-content\/uploads\/2025\/06\/inovacao.jpg);background-repeat: no-repeat;background-position: center top;background-size: cover;\" data-o_src=\"https:\/\/andreavalomo.com\/wp-content\/uploads\/2025\/06\/inovacao.jpg\"><\/div>\n\t\t\t\t\t\t\t\t\t\t\t\t\n\t\t\t\t\t\t\t\t\t\t\t<\/div>\n\t\t\t\t\t\t\t\t\t\t<\/div><div class=\"uncont\" ><span class=\"btn-container\" ><a href=\"\" class=\"custom-link btn border-width-0 btn-color-699344 btn-icon-left btn-ripple-out btn-border-animated\" style=\"min-width:200px\">INNOVACI\u00d3N<\/a><\/span><\/div><\/div><\/div><\/div><\/div><div class=\"wpb_column pos-bottom pos-center align_center column_child col-lg-3 single-internal-gutter\"><div class=\"uncol style-light\" ><div class=\"uncoltable\"><div class=\"uncell single-block-padding\" ><div class=\"column-background background-element\">\n\t\t\t\t\t\t\t\t\t\t\t<div class=\"background-wrapper\">\n\t\t\t\t\t\t\t\t\t\t\t\t<div class=\"background-inner\" style=\"background-image: url(https:\/\/andreavalomo.com\/wp-content\/uploads\/2025\/06\/Ingredientes.jpg);background-repeat: no-repeat;background-position: center center;background-size: cover;\" data-o_src=\"https:\/\/andreavalomo.com\/wp-content\/uploads\/2025\/06\/Ingredientes.jpg\"><\/div>\n\t\t\t\t\t\t\t\t\t\t\t\t\n\t\t\t\t\t\t\t\t\t\t\t<\/div>\n\t\t\t\t\t\t\t\t\t\t<\/div><div class=\"uncont\" ><span class=\"btn-container\" ><a href=\"\" class=\"custom-link btn border-width-0 btn-color-699344 btn-icon-left btn-ripple-out btn-border-animated\" style=\"min-width:200px\">INGREDIENTES<\/a><\/span><\/div><\/div><\/div><\/div><\/div><div class=\"wpb_column pos-bottom pos-center align_center column_child col-lg-3 single-internal-gutter\"><div class=\"uncol style-light\" ><div class=\"uncoltable\"><div class=\"uncell single-block-padding\" ><div class=\"column-background background-element\">\n\t\t\t\t\t\t\t\t\t\t\t<div class=\"background-wrapper\">\n\t\t\t\t\t\t\t\t\t\t\t\t<div class=\"background-inner\" style=\"background-image: url(https:\/\/andreavalomo.com\/wp-content\/uploads\/2025\/06\/Sis.-Prof.-tratamento.jpg);background-repeat: no-repeat;background-position: center center;background-size: cover;\" data-o_src=\"https:\/\/andreavalomo.com\/wp-content\/uploads\/2025\/06\/Sis.-Prof.-tratamento.jpg\"><\/div>\n\t\t\t\t\t\t\t\t\t\t\t\t\n\t\t\t\t\t\t\t\t\t\t\t<\/div>\n\t\t\t\t\t\t\t\t\t\t<\/div><div class=\"uncont\" ><span class=\"btn-container\" ><a href=\"\" class=\"custom-link btn border-width-0 btn-color-699344 btn-icon-left btn-ripple-out btn-border-animated\" style=\"min-width:200px\">SISTEMA DE TRATAMIENTO PROFESIONAL<\/a><\/span><\/div><\/div><\/div><\/div><\/div><\/div><\/div><\/div><\/div><\/div><\/div><\/div><\/div><script id=\"script-row-unique-1\" data-row=\"script-row-unique-1\" type=\"text\/javascript\" class=\"vc_controls\">UNCODE.initRow(document.getElementById(\"row-unique-1\"));<\/script><\/div><\/div><\/div><div data-parent=\"true\" class=\"vc_row row-container\" id=\"row-unique-2\"><div class=\"row limit-width row-parent\"><div class=\"wpb_row row-inner\"><div class=\"wpb_column pos-top pos-center align_left column_parent col-lg-12 single-internal-gutter\"><div class=\"uncol style-light\"  ><div class=\"uncoltable\"><div class=\"uncell no-block-padding\" ><div class=\"uncont\" ><div class=\"vc_row row-internal row-container\"><div class=\"row row-child\"><div class=\"wpb_row row-inner\"><div class=\"wpb_column pos-middle pos-center align_center column_child col-lg-12 single-internal-gutter\"><div class=\"uncol style-dark\" ><div class=\"uncoltable\"><div class=\"uncell single-block-padding style-color-rgdb-bg\" ><div class=\"uncont\" style=\" max-width:70%;\" ><div class=\"vc_custom_heading_wrap\"><div class=\"heading-text el-text\" ><p class=\"h2\" ><span>Andrea Valomo es m\u00e1s que una marca: es un compromiso con la ciencia, la belleza y los resultados reales.<\/span><\/p><\/div><div class=\"clear\"><\/div><\/div><\/div><\/div><\/div><\/div><\/div><\/div><\/div><\/div><\/div><\/div><\/div><\/div><\/div><script id=\"script-row-unique-2\" data-row=\"script-row-unique-2\" type=\"text\/javascript\" class=\"vc_controls\">UNCODE.initRow(document.getElementById(\"row-unique-2\"));<\/script><\/div><\/div><\/div><div data-parent=\"true\" class=\"vc_row row-container\" id=\"row-unique-3\"><div class=\"row triple-top-padding triple-bottom-padding triple-h-padding full-width row-parent\"><div class=\"wpb_row row-inner\"><div class=\"wpb_column pos-top pos-center align_center column_parent col-lg-12 single-internal-gutter\"><div class=\"uncol style-light\"  ><div class=\"uncoltable\"><div class=\"uncell no-block-padding\" ><div class=\"uncont\" ><div class=\"vc_custom_heading_wrap\"><div class=\"heading-text el-text\" ><h2 class=\"h2 text-uppercase\" ><span>El m\u00e1s elegido por los profesionales<\/span><\/h2><\/div><div class=\"clear\"><\/div><\/div><div class=\"vc_custom_heading_wrap\"><div class=\"heading-text el-text\" ><h4 class=\"h4 text-uppercase\" ><span>Tratamientos con resultados probados<\/span><\/h4><\/div><div class=\"clear\"><\/div><\/div><div class=\"vc_row row-internal row-container\"><div class=\"row col-double-gutter row-child\"><div class=\"wpb_row row-inner\"><div class=\"wpb_column pos-top pos-center align_center column_child col-lg-3 half-internal-gutter\"><div class=\"uncol style-light\" ><div class=\"uncoltable\"><div class=\"uncell no-block-padding\" ><div class=\"uncont\" ><div class=\"uncode-single-media  text-left\"><div class=\"single-wrapper\" style=\"max-width: 100%;\"><div class=\"tmb tmb-light  tmb-media-first tmb-media-last tmb-content-overlay tmb-no-bg\"><div class=\"t-inside\"><div class=\"t-entry-visual\"><div class=\"t-entry-visual-tc\"><div class=\"uncode-single-media-wrapper\"><img decoding=\"async\" class=\"wp-image-1271\" src=\"https:\/\/andreavalomo.com\/wp-content\/uploads\/2025\/06\/dioro.jpg\" width=\"1500\" height=\"1500\" alt=\"\" srcset=\"https:\/\/andreavalomo.com\/wp-content\/uploads\/2025\/06\/dioro.jpg 1500w, https:\/\/andreavalomo.com\/wp-content\/uploads\/2025\/06\/dioro-300x300.jpg 300w, https:\/\/andreavalomo.com\/wp-content\/uploads\/2025\/06\/dioro-1024x1024.jpg 1024w, https:\/\/andreavalomo.com\/wp-content\/uploads\/2025\/06\/dioro-150x150.jpg 150w, https:\/\/andreavalomo.com\/wp-content\/uploads\/2025\/06\/dioro-768x768.jpg 768w, https:\/\/andreavalomo.com\/wp-content\/uploads\/2025\/06\/dioro-350x350.jpg 350w, https:\/\/andreavalomo.com\/wp-content\/uploads\/2025\/06\/dioro-348x348.jpg 348w\" sizes=\"(max-width: 1500px) 100vw, 1500px\" \/><\/div>\n\t\t\t\t\t<\/div>\n\t\t\t\t<\/div><\/div><\/div><\/div><\/div><div class=\"vc_custom_heading_wrap\"><div class=\"heading-text el-text\" ><h2 class=\"h2\" ><span>DIORO<\/span><\/h2><div class=\"text-lead text-top-reduced\"><p>ANTIENVEJECIMIENTO SUPREMO<\/p>\n<\/div><\/div><div class=\"clear\"><\/div><\/div><div class=\"vc_custom_heading_wrap\"><div class=\"heading-text el-text\" ><p class=\"\" ><span>Crema antiedad y antiarrugas<\/span><\/p><\/div><div class=\"clear\"><\/div><\/div><div class=\"uncode_text_column\" ><p>\u2605 \u2605 \u2605 \u2605 \u2605<\/p>\n<\/div><span class=\"btn-container\" ><a href=\"\/es\/linhas-de-produtos\/dioro\/\" class=\"custom-link btn border-width-0 btn-default btn-outline btn-icon-left\">Ver l\u00ednea<\/a><\/span><\/div><\/div><\/div><\/div><\/div><div class=\"wpb_column pos-top pos-center align_center column_child col-lg-3 half-internal-gutter\"><div class=\"uncol style-light\" ><div class=\"uncoltable\"><div class=\"uncell no-block-padding\" ><div class=\"uncont\" ><div class=\"uncode-single-media  text-left\"><div class=\"single-wrapper\" style=\"max-width: 100%;\"><div class=\"tmb tmb-light  tmb-media-first tmb-media-last tmb-content-overlay tmb-no-bg\"><div class=\"t-inside\"><div class=\"t-entry-visual\"><div class=\"t-entry-visual-tc\"><div class=\"uncode-single-media-wrapper\"><img decoding=\"async\" class=\"wp-image-1269\" src=\"https:\/\/andreavalomo.com\/wp-content\/uploads\/2025\/06\/crono_1.jpg\" width=\"1500\" height=\"1500\" alt=\"\" srcset=\"https:\/\/andreavalomo.com\/wp-content\/uploads\/2025\/06\/crono_1.jpg 1500w, https:\/\/andreavalomo.com\/wp-content\/uploads\/2025\/06\/crono_1-300x300.jpg 300w, https:\/\/andreavalomo.com\/wp-content\/uploads\/2025\/06\/crono_1-1024x1024.jpg 1024w, https:\/\/andreavalomo.com\/wp-content\/uploads\/2025\/06\/crono_1-150x150.jpg 150w, https:\/\/andreavalomo.com\/wp-content\/uploads\/2025\/06\/crono_1-768x768.jpg 768w, https:\/\/andreavalomo.com\/wp-content\/uploads\/2025\/06\/crono_1-350x350.jpg 350w, https:\/\/andreavalomo.com\/wp-content\/uploads\/2025\/06\/crono_1-348x348.jpg 348w\" sizes=\"(max-width: 1500px) 100vw, 1500px\" \/><\/div>\n\t\t\t\t\t<\/div>\n\t\t\t\t<\/div><\/div><\/div><\/div><\/div><div class=\"vc_custom_heading_wrap\"><div class=\"heading-text el-text\" ><h2 class=\"h2\" ><span>CRONOSKIN<\/span><\/h2><div class=\"text-lead text-top-reduced\"><p>TRATAMIENTO ULTRA REDENSIFICANTE<\/p>\n<\/div><\/div><div class=\"clear\"><\/div><\/div><div class=\"vc_custom_heading_wrap\"><div class=\"heading-text el-text\" ><p class=\"\" ><span>Un tratamiento de 6 semanas que devuelve firmeza y elasticidad a la piel.<\/span><\/p><\/div><div class=\"clear\"><\/div><\/div><div class=\"uncode_text_column\" ><p>\u2605 \u2605 \u2605 \u2605 \u2605<\/p>\n<\/div><span class=\"btn-container\" ><a href=\"\/es\/linhas-de-produtos\/cronoskin\/\" class=\"custom-link btn border-width-0 btn-default btn-outline btn-icon-left\">Ver l\u00ednea<\/a><\/span><\/div><\/div><\/div><\/div><\/div><div class=\"wpb_column pos-top pos-center align_center column_child col-lg-3 half-internal-gutter\"><div class=\"uncol style-light\" ><div class=\"uncoltable\"><div class=\"uncell no-block-padding\" ><div class=\"uncont\" ><div class=\"uncode-single-media  text-left\"><div class=\"single-wrapper\" style=\"max-width: 100%;\"><div class=\"tmb tmb-light  tmb-media-first tmb-media-last tmb-content-overlay tmb-no-bg\"><div class=\"t-inside\"><div class=\"t-entry-visual\"><div class=\"t-entry-visual-tc\"><div class=\"uncode-single-media-wrapper\"><img decoding=\"async\" class=\"wp-image-1270\" src=\"https:\/\/andreavalomo.com\/wp-content\/uploads\/2025\/06\/crono_2.jpg\" width=\"1500\" height=\"1500\" alt=\"\" srcset=\"https:\/\/andreavalomo.com\/wp-content\/uploads\/2025\/06\/crono_2.jpg 1500w, https:\/\/andreavalomo.com\/wp-content\/uploads\/2025\/06\/crono_2-300x300.jpg 300w, https:\/\/andreavalomo.com\/wp-content\/uploads\/2025\/06\/crono_2-1024x1024.jpg 1024w, https:\/\/andreavalomo.com\/wp-content\/uploads\/2025\/06\/crono_2-150x150.jpg 150w, https:\/\/andreavalomo.com\/wp-content\/uploads\/2025\/06\/crono_2-768x768.jpg 768w, https:\/\/andreavalomo.com\/wp-content\/uploads\/2025\/06\/crono_2-350x350.jpg 350w, https:\/\/andreavalomo.com\/wp-content\/uploads\/2025\/06\/crono_2-348x348.jpg 348w\" sizes=\"(max-width: 1500px) 100vw, 1500px\" \/><\/div>\n\t\t\t\t\t<\/div>\n\t\t\t\t<\/div><\/div><\/div><\/div><\/div><div class=\"vc_custom_heading_wrap\"><div class=\"heading-text el-text\" ><h2 class=\"h2\" ><span>CRONOSKIN<\/span><\/h2><div class=\"text-lead text-top-reduced\"><p>LIMPIADOR CUTIS PERFECTO<\/p>\n<\/div><\/div><div class=\"clear\"><\/div><\/div><div class=\"vc_custom_heading_wrap\"><div class=\"heading-text el-text\" ><p class=\"\" ><span>Gel limpiador que tambi\u00e9n favorece la exfoliaci\u00f3n suave y la regeneraci\u00f3n.<\/span><\/p><\/div><div class=\"clear\"><\/div><\/div><div class=\"uncode_text_column\" ><p>\u2605 \u2605 \u2605 \u2605 \u2605<\/p>\n<\/div><span class=\"btn-container\" ><a href=\"\/es\/linhas-de-produtos\/cronoskin\/\" class=\"custom-link btn border-width-0 btn-default btn-outline btn-icon-left\">Ver l\u00ednea<\/a><\/span><\/div><\/div><\/div><\/div><\/div><div class=\"wpb_column pos-top pos-center align_center column_child col-lg-3 half-internal-gutter\"><div class=\"uncol style-light\" ><div class=\"uncoltable\"><div class=\"uncell no-block-padding\" ><div class=\"uncont\" ><div class=\"uncode-single-media  text-left\"><div class=\"single-wrapper\" style=\"max-width: 100%;\"><div class=\"tmb tmb-light  tmb-media-first tmb-media-last tmb-content-overlay tmb-no-bg\"><div class=\"t-inside\"><div class=\"t-entry-visual\"><div class=\"t-entry-visual-tc\"><div class=\"uncode-single-media-wrapper\"><img decoding=\"async\" class=\"wp-image-1268\" src=\"https:\/\/andreavalomo.com\/wp-content\/uploads\/2025\/06\/Age_body.jpg\" width=\"1500\" height=\"1500\" alt=\"\" srcset=\"https:\/\/andreavalomo.com\/wp-content\/uploads\/2025\/06\/Age_body.jpg 1500w, https:\/\/andreavalomo.com\/wp-content\/uploads\/2025\/06\/Age_body-300x300.jpg 300w, https:\/\/andreavalomo.com\/wp-content\/uploads\/2025\/06\/Age_body-1024x1024.jpg 1024w, https:\/\/andreavalomo.com\/wp-content\/uploads\/2025\/06\/Age_body-150x150.jpg 150w, https:\/\/andreavalomo.com\/wp-content\/uploads\/2025\/06\/Age_body-768x768.jpg 768w, https:\/\/andreavalomo.com\/wp-content\/uploads\/2025\/06\/Age_body-350x350.jpg 350w, https:\/\/andreavalomo.com\/wp-content\/uploads\/2025\/06\/Age_body-348x348.jpg 348w\" sizes=\"(max-width: 1500px) 100vw, 1500px\" \/><\/div>\n\t\t\t\t\t<\/div>\n\t\t\t\t<\/div><\/div><\/div><\/div><\/div><div class=\"vc_custom_heading_wrap\"><div class=\"heading-text el-text\" ><h2 class=\"h2\" ><span>AGE CUIDADO DEL CUERPO<\/span><\/h2><div class=\"text-lead text-top-reduced\"><p>AMPOLLA REDUCTORA INTENSIVA CONTROL CELULITIS<\/p>\n<\/div><\/div><div class=\"clear\"><\/div><\/div><div class=\"vc_custom_heading_wrap\"><div class=\"heading-text el-text\" ><p class=\"\" ><span>Concentrado reductor y anticelul\u00edtico para una cura intensiva de 14 d\u00edas.<\/span><\/p><\/div><div class=\"clear\"><\/div><\/div><div class=\"uncode_text_column\" ><p>\u2605 \u2605 \u2605 \u2605 \u2605<\/p>\n<\/div><span class=\"btn-container\" ><a href=\"\/es\/linhas-de-produtos\/multiactive\/\" class=\"custom-link btn border-width-0 btn-default btn-outline btn-icon-left\">Ver l\u00ednea<\/a><\/span><\/div><\/div><\/div><\/div><\/div><\/div><\/div><\/div><\/div><\/div><\/div><\/div><\/div><script id=\"script-row-unique-3\" data-row=\"script-row-unique-3\" type=\"text\/javascript\" class=\"vc_controls\">UNCODE.initRow(document.getElementById(\"row-unique-3\"));<\/script><\/div><\/div><\/div>\n<\/div>","protected":false},"excerpt":{"rendered":"M\u00e9todo CronoskinLos pilares de la marca INVESTIGACI\u00d3N INNOVACI\u00d3N INGREDIENTES SISTEMA DE TRATAMIENTO PROFESIONALndrea Valomo es m\u00e1s que una marca [...]","protected":false},"author":1,"featured_media":0,"parent":0,"menu_order":0,"comment_status":"closed","ping_status":"closed","template":"","meta":{"footnotes":""},"class_list":["post-7","page","type-page","status-publish","hentry"],"_links":{"self":[{"href":"https:\/\/andreavalomo.com\/es\/wp-json\/wp\/v2\/pages\/7","targetHints":{"allow":["GET"]}}],"collection":[{"href":"https:\/\/andreavalomo.com\/es\/wp-json\/wp\/v2\/pages"}],"about":[{"href":"https:\/\/andreavalomo.com\/es\/wp-json\/wp\/v2\/types\/page"}],"author":[{"embeddable":true,"href":"https:\/\/andreavalomo.com\/es\/wp-json\/wp\/v2\/users\/1"}],"replies":[{"embeddable":true,"href":"https:\/\/andreavalomo.com\/es\/wp-json\/wp\/v2\/comments?post=7"}],"version-history":[{"count":0,"href":"https:\/\/andreavalomo.com\/es\/wp-json\/wp\/v2\/pages\/7\/revisions"}],"wp:attachment":[{"href":"https:\/\/andreavalomo.com\/es\/wp-json\/wp\/v2\/media?parent=7"}],"curies":[{"name":"wp","href":"https:\/\/api.w.org\/{rel}","templated":true}]}}