{"id":656,"date":"2025-02-27T21:53:10","date_gmt":"2025-02-27T21:53:10","guid":{"rendered":"https:\/\/andreavalomo.com\/?page_id=656"},"modified":"2025-06-26T20:14:02","modified_gmt":"2025-06-26T20:14:02","slug":"vitalactive","status":"publish","type":"page","link":"https:\/\/andreavalomo.com\/es\/linhas-de-produtos\/vitalactive\/","title":{"rendered":"VitalActive"},"content":{"rendered":"<div class=\"wpb-content-wrapper\"><div data-parent=\"true\" class=\"vc_row row-container\" id=\"row-unique-0\"><div class=\"row-background background-element\">\n\t\t\t\t\t\t\t\t\t\t\t<div class=\"background-wrapper\">\n\t\t\t\t\t\t\t\t\t\t\t\t<div class=\"background-inner\" style=\"background-image: url(https:\/\/andreavalomo.com\/wp-content\/uploads\/2025\/06\/vital-bg.jpg);background-repeat: no-repeat;background-position: center center;background-attachment: scroll;background-size: cover;\"><\/div>\n\t\t\t\t\t\t\t\t\t\t\t\t\n\t\t\t\t\t\t\t\t\t\t\t<\/div>\n\t\t\t\t\t\t\t\t\t\t<\/div><div class=\"row no-top-padding single-bottom-padding single-h-padding limit-width row-parent\" data-height-ratio=\"60\"><div class=\"wpb_row row-inner\"><div class=\"wpb_column pos-top pos-center align_left column_parent col-lg-12 single-internal-gutter\"><div class=\"uncol style-light\"  ><div class=\"uncoltable\"><div class=\"uncell no-block-padding\" ><div class=\"uncont\" ><div class=\"vc_row row-internal row-container\"><div class=\"row unequal row-child\" data-height=\"100\"><div class=\"wpb_row row-inner\"><div class=\"wpb_column pos-middle pos-center align_left column_child col-lg-6 single-internal-gutter\"><div class=\"uncol style-light\" ><div class=\"uncoltable\"><div class=\"uncell no-block-padding\" ><div class=\"uncont\" ><div class=\"vc_custom_heading_wrap\"><div class=\"heading-text el-text heading-bigtext\" ><h1 class=\"bigtext\" ><span>VITALACTIVE<\/span><\/h1><\/div><div class=\"clear\"><\/div><\/div><div class=\"vc_custom_heading_wrap\"><div class=\"heading-text el-text\" ><h2 class=\"h2\" ><span>BELLEZA PREVENTIVA CON ACTIVOS VEGETALES<\/span><\/h2><\/div><div class=\"clear\"><\/div><\/div><\/div><\/div><\/div><\/div><\/div><div class=\"wpb_column pos-top pos-center align_left column_child col-lg-6 single-internal-gutter\"><div class=\"uncol style-light\" ><div class=\"uncoltable\"><div class=\"uncell no-block-padding\" ><div class=\"uncont\" ><\/div><\/div><\/div><\/div><\/div><\/div><\/div><\/div><\/div><\/div><\/div><\/div><\/div><script id=\"script-row-unique-0\" data-row=\"script-row-unique-0\" type=\"text\/javascript\" class=\"vc_controls\">UNCODE.initRow(document.getElementById(\"row-unique-0\"));<\/script><\/div><\/div><\/div><div data-parent=\"true\" class=\"vc_row row-container\" id=\"row-unique-1\"><div class=\"row unequal col-no-gutter double-top-padding no-bottom-padding single-h-padding limit-width row-parent\"><div class=\"wpb_row row-inner\"><div class=\"wpb_column pos-bottom pos-left align_left align_center_tablet align_center_mobile column_parent col-lg-9 half-internal-gutter\"><div class=\"uncol style-light\"  ><div class=\"uncoltable\"><div class=\"uncell no-block-padding\" ><div class=\"uncont\" style=\" max-width:80%;\" ><div class=\"uncode_text_column\" ><p>La l\u00ednea VitalActive se cre\u00f3 para quienes creen que el mejor cuidado de la piel empieza por la prevenci\u00f3n. Formulada con ingredientes vegetales de eficacia probada y el poderoso ingrediente natural escualeno, esta l\u00ednea ofrece soluciones eficaces para hidratar, proteger y preservar la juventud de la piel, incluso para las pieles m\u00e1s sensibles o grasas.<br \/>\nIndicado para pieles j\u00f3venes o con primeros signos de envejecimiento, VitalActive act\u00faa con acci\u00f3n antioxidante e hidratante, equilibrando la piel y previniendo el envejecimiento prematuro.<br \/>\nVitalActive. Prevenci\u00f3n inteligente para una piel sana y radiante, todos los d\u00edas.<\/p>\n<\/div><\/div><\/div><\/div><\/div><\/div><div class=\"wpb_column pos-top pos-center align_left column_parent col-lg-3 single-internal-gutter\"><div class=\"uncol style-light\"  ><div class=\"uncoltable\"><div class=\"uncell no-block-padding\" ><div class=\"uncont\" ><\/div><\/div><\/div><\/div><\/div><script id=\"script-row-unique-1\" data-row=\"script-row-unique-1\" type=\"text\/javascript\" class=\"vc_controls\">UNCODE.initRow(document.getElementById(\"row-unique-1\"));<\/script><\/div><\/div><\/div><div data-parent=\"true\" class=\"vc_row row-container\" id=\"row-unique-2\"><div class=\"row unequal col-no-gutter no-top-padding no-bottom-padding single-h-padding limit-width row-parent\"><div class=\"wpb_row row-inner\"><div class=\"wpb_column pos-middle pos-left align_left align_center_tablet align_center_mobile column_parent col-lg-3 half-internal-gutter\"><div class=\"uncol style-light\"  ><div class=\"uncoltable\"><div class=\"uncell no-block-padding\" ><div class=\"uncont\" style=\" max-width:80%;\" ><\/div><\/div><\/div><\/div><\/div><div class=\"wpb_column pos-top pos-center align_left column_parent col-lg-9 single-internal-gutter\"><div class=\"uncol style-light\"  ><div class=\"uncoltable\"><div class=\"uncell no-block-padding\" ><div class=\"uncont\" ><div class=\"uncode-single-media  text-center\"><div class=\"single-wrapper\" style=\"max-width: 80%;\"><div class=\"tmb tmb-light  tmb-media-first tmb-media-last tmb-content-overlay tmb-no-bg\"><div class=\"t-inside\"><div class=\"t-entry-visual\"><div class=\"t-entry-visual-tc\"><div class=\"uncode-single-media-wrapper\"><img decoding=\"async\" class=\"wp-image-1292\" src=\"https:\/\/andreavalomo.com\/wp-content\/uploads\/2025\/06\/VitalActive-products_bg2.jpg\" width=\"1920\" height=\"1000\" alt=\"\" srcset=\"https:\/\/andreavalomo.com\/wp-content\/uploads\/2025\/06\/VitalActive-products_bg2.jpg 1920w, https:\/\/andreavalomo.com\/wp-content\/uploads\/2025\/06\/VitalActive-products_bg2-300x156.jpg 300w, https:\/\/andreavalomo.com\/wp-content\/uploads\/2025\/06\/VitalActive-products_bg2-1024x533.jpg 1024w, https:\/\/andreavalomo.com\/wp-content\/uploads\/2025\/06\/VitalActive-products_bg2-768x400.jpg 768w, https:\/\/andreavalomo.com\/wp-content\/uploads\/2025\/06\/VitalActive-products_bg2-1536x800.jpg 1536w, https:\/\/andreavalomo.com\/wp-content\/uploads\/2025\/06\/VitalActive-products_bg2-350x182.jpg 350w\" sizes=\"(max-width: 1920px) 100vw, 1920px\" \/><\/div>\n\t\t\t\t\t<\/div>\n\t\t\t\t<\/div><\/div><\/div><\/div><\/div><\/div><\/div><\/div><\/div><\/div><script id=\"script-row-unique-2\" data-row=\"script-row-unique-2\" type=\"text\/javascript\" class=\"vc_controls\">UNCODE.initRow(document.getElementById(\"row-unique-2\"));<\/script><\/div><\/div><\/div>\n<\/div>","protected":false},"excerpt":{"rendered":"VITALACTIVECUIDADO PREVENTIVO DE LA PIEL CON ACTIVIDAD VEGETALLa l\u00ednea VitalActive fue creada para aquellos que creen que el mejor cuidado de la piel comienza [...]","protected":false},"author":1,"featured_media":0,"parent":544,"menu_order":0,"comment_status":"closed","ping_status":"closed","template":"","meta":{"footnotes":""},"class_list":["post-656","page","type-page","status-publish","hentry"],"_links":{"self":[{"href":"https:\/\/andreavalomo.com\/es\/wp-json\/wp\/v2\/pages\/656","targetHints":{"allow":["GET"]}}],"collection":[{"href":"https:\/\/andreavalomo.com\/es\/wp-json\/wp\/v2\/pages"}],"about":[{"href":"https:\/\/andreavalomo.com\/es\/wp-json\/wp\/v2\/types\/page"}],"author":[{"embeddable":true,"href":"https:\/\/andreavalomo.com\/es\/wp-json\/wp\/v2\/users\/1"}],"replies":[{"embeddable":true,"href":"https:\/\/andreavalomo.com\/es\/wp-json\/wp\/v2\/comments?post=656"}],"version-history":[{"count":0,"href":"https:\/\/andreavalomo.com\/es\/wp-json\/wp\/v2\/pages\/656\/revisions"}],"up":[{"embeddable":true,"href":"https:\/\/andreavalomo.com\/es\/wp-json\/wp\/v2\/pages\/544"}],"wp:attachment":[{"href":"https:\/\/andreavalomo.com\/es\/wp-json\/wp\/v2\/media?parent=656"}],"curies":[{"name":"wp","href":"https:\/\/api.w.org\/{rel}","templated":true}]}}