{"id":577,"date":"2025-02-19T11:55:47","date_gmt":"2025-02-19T11:55:47","guid":{"rendered":"https:\/\/andreavalomo.com\/?page_id=577"},"modified":"2025-06-26T15:58:18","modified_gmt":"2025-06-26T15:58:18","slug":"multiactive","status":"publish","type":"page","link":"https:\/\/andreavalomo.com\/es\/linhas-de-produtos\/multiactive\/","title":{"rendered":"MultiActive"},"content":{"rendered":"<div class=\"wpb-content-wrapper\"><div data-parent=\"true\" class=\"vc_row row-container\" id=\"row-unique-0\"><div class=\"row-background background-element\">\n\t\t\t\t\t\t\t\t\t\t\t<div class=\"background-wrapper\">\n\t\t\t\t\t\t\t\t\t\t\t\t<div class=\"background-inner\" style=\"background-image: url(https:\/\/andreavalomo.com\/wp-content\/uploads\/2025\/06\/multiative_BG.jpg);background-repeat: no-repeat;background-position: center center;background-attachment: scroll;background-size: cover;\"><\/div>\n\t\t\t\t\t\t\t\t\t\t\t\t\n\t\t\t\t\t\t\t\t\t\t\t<\/div>\n\t\t\t\t\t\t\t\t\t\t<\/div><div class=\"row no-top-padding single-bottom-padding single-h-padding limit-width row-parent\" data-height-ratio=\"60\"><div class=\"wpb_row row-inner\"><div class=\"wpb_column pos-top pos-center align_left column_parent col-lg-12 single-internal-gutter\"><div class=\"uncol style-light\"  ><div class=\"uncoltable\"><div class=\"uncell no-block-padding\" ><div class=\"uncont\" ><div class=\"vc_row row-internal row-container\"><div class=\"row unequal row-child\" data-height=\"100\"><div class=\"wpb_row row-inner\"><div class=\"wpb_column pos-middle pos-center align_left column_child col-lg-6 single-internal-gutter\"><div class=\"uncol style-light\" ><div class=\"uncoltable\"><div class=\"uncell no-block-padding\" ><div class=\"uncont\" ><div class=\"vc_custom_heading_wrap\"><div class=\"heading-text el-text heading-bigtext\" ><h1 class=\"bigtext font-weight-500\" ><span>MULTIACTIVO<\/span><\/h1><\/div><div class=\"clear\"><\/div><\/div><div class=\"vc_custom_heading_wrap\"><div class=\"heading-text el-text\" ><h2 class=\"h2\" ><span>PIEL RADIANTE EN 7 D\u00cdAS<\/span><\/h2><\/div><div class=\"clear\"><\/div><\/div><\/div><\/div><\/div><\/div><\/div><div class=\"wpb_column pos-top pos-center align_left column_child col-lg-6 single-internal-gutter\"><div class=\"uncol style-light\" ><div class=\"uncoltable\"><div class=\"uncell no-block-padding\" ><div class=\"uncont\" ><\/div><\/div><\/div><\/div><\/div><\/div><\/div><\/div><\/div><\/div><\/div><\/div><\/div><script id=\"script-row-unique-0\" data-row=\"script-row-unique-0\" type=\"text\/javascript\" class=\"vc_controls\">UNCODE.initRow(document.getElementById(\"row-unique-0\"));<\/script><\/div><\/div><\/div><div data-parent=\"true\" class=\"vc_row row-container\" id=\"row-unique-1\"><div class=\"row-background background-element\">\n\t\t\t\t\t\t\t\t\t\t\t<div class=\"background-wrapper\">\n\t\t\t\t\t\t\t\t\t\t\t\t<div class=\"background-inner\" style=\"background-image: url(https:\/\/andreavalomo.com\/wp-content\/uploads\/2025\/06\/ampola_bg.jpg);background-repeat: no-repeat;background-position: center center;background-attachment: scroll;background-size: cover;\"><\/div>\n\t\t\t\t\t\t\t\t\t\t\t\t\n\t\t\t\t\t\t\t\t\t\t\t<\/div>\n\t\t\t\t\t\t\t\t\t\t<\/div><div class=\"row unequal col-no-gutter double-top-padding one-bottom-padding one-h-padding limit-width row-parent\" data-height-ratio=\"90\"><div class=\"wpb_row row-inner\"><div class=\"wpb_column pos-middle pos-left align_left align_center_tablet align_center_mobile column_parent col-lg-6 half-internal-gutter\"><div class=\"uncol style-light\"  ><div class=\"uncoltable\"><div class=\"uncell no-block-padding\" ><div class=\"uncont\" style=\" max-width:80%;\" ><div class=\"uncode_text_column\" ><p>Ampollas de alto rendimiento para curas de tratamiento personalizadas<br \/>\nLa l\u00ednea Multiactive de Andrea Valomo representa una nueva generaci\u00f3n de ampollas cosmec\u00e9uticas con una alta concentraci\u00f3n de principios activos, m\u00e1xima absorci\u00f3n y versatilidad profesional. Desarrolladas para potenciar los protocolos de cabina y adaptarse a las necesidades \u00fanicas de cada piel, ofrecen efectos inmediatos y duraderos.<br \/>\nCon un formato monodosis en vidrio, garantizan estabilidad y eficacia total. Cada f\u00f3rmula est\u00e1 cuidadosamente dise\u00f1ada para aportar soluciones espec\u00edficas: desde hidrataci\u00f3n intensiva, efecto lifting, acci\u00f3n antimanchas y regeneradora, hasta control de la grasa y la sensibilidad cut\u00e1nea.<\/p>\n<\/div><\/div><\/div><\/div><\/div><\/div><div class=\"wpb_column pos-top pos-center align_left column_parent col-lg-6 single-internal-gutter\"><div class=\"uncol style-light\"  ><div class=\"uncoltable\"><div class=\"uncell no-block-padding\" ><div class=\"uncont\" ><\/div><\/div><\/div><\/div><\/div><script id=\"script-row-unique-1\" data-row=\"script-row-unique-1\" type=\"text\/javascript\" class=\"vc_controls\">UNCODE.initRow(document.getElementById(\"row-unique-1\"));<\/script><\/div><\/div><\/div>\n<\/div>","protected":false},"excerpt":{"rendered":"MULTIACTIVEPELE RADIANTE EN 7 D\u00cdAS Ampollas de alto rendimiento para curas personalizadas La gama Multiactive de Andrea Valomo [...].","protected":false},"author":2,"featured_media":0,"parent":544,"menu_order":0,"comment_status":"closed","ping_status":"closed","template":"","meta":{"footnotes":""},"class_list":["post-577","page","type-page","status-publish","hentry"],"_links":{"self":[{"href":"https:\/\/andreavalomo.com\/es\/wp-json\/wp\/v2\/pages\/577","targetHints":{"allow":["GET"]}}],"collection":[{"href":"https:\/\/andreavalomo.com\/es\/wp-json\/wp\/v2\/pages"}],"about":[{"href":"https:\/\/andreavalomo.com\/es\/wp-json\/wp\/v2\/types\/page"}],"author":[{"embeddable":true,"href":"https:\/\/andreavalomo.com\/es\/wp-json\/wp\/v2\/users\/2"}],"replies":[{"embeddable":true,"href":"https:\/\/andreavalomo.com\/es\/wp-json\/wp\/v2\/comments?post=577"}],"version-history":[{"count":0,"href":"https:\/\/andreavalomo.com\/es\/wp-json\/wp\/v2\/pages\/577\/revisions"}],"up":[{"embeddable":true,"href":"https:\/\/andreavalomo.com\/es\/wp-json\/wp\/v2\/pages\/544"}],"wp:attachment":[{"href":"https:\/\/andreavalomo.com\/es\/wp-json\/wp\/v2\/media?parent=577"}],"curies":[{"name":"wp","href":"https:\/\/api.w.org\/{rel}","templated":true}]}}