{"id":859,"date":"2025-03-21T19:01:14","date_gmt":"2025-03-21T19:01:14","guid":{"rendered":"https:\/\/andreavalomo.com\/?page_id=859"},"modified":"2025-06-26T20:47:31","modified_gmt":"2025-06-26T20:47:31","slug":"age-body-care","status":"publish","type":"page","link":"https:\/\/andreavalomo.com\/en\/linhas-de-produtos\/age-body-care\/","title":{"rendered":"Age Body Care"},"content":{"rendered":"<div class=\"wpb-content-wrapper\"><div data-parent=\"true\" class=\"vc_row row-container\" id=\"row-unique-0\"><div class=\"row-background background-element\">\n\t\t\t\t\t\t\t\t\t\t\t<div class=\"background-wrapper\">\n\t\t\t\t\t\t\t\t\t\t\t\t<div class=\"background-inner\" style=\"background-image: url(https:\/\/andreavalomo.com\/wp-content\/uploads\/2025\/06\/AGE2-BG.jpg);background-repeat: no-repeat;background-position: center center;background-attachment: scroll;background-size: cover;\"><\/div>\n\t\t\t\t\t\t\t\t\t\t\t\t\n\t\t\t\t\t\t\t\t\t\t\t<\/div>\n\t\t\t\t\t\t\t\t\t\t<\/div><div class=\"row no-top-padding single-bottom-padding single-h-padding limit-width row-parent\" data-height-ratio=\"60\"><div class=\"wpb_row row-inner\"><div class=\"wpb_column pos-top pos-center align_left column_parent col-lg-12 single-internal-gutter\"><div class=\"uncol style-light\"  ><div class=\"uncoltable\"><div class=\"uncell no-block-padding\" ><div class=\"uncont\" ><div class=\"vc_row row-internal row-container\"><div class=\"row unequal row-child\" data-height=\"100\"><div class=\"wpb_row row-inner\"><div class=\"wpb_column pos-middle pos-center align_left column_child col-lg-6 single-internal-gutter\"><div class=\"uncol style-light\" ><div class=\"uncoltable\"><div class=\"uncell no-block-padding\" ><div class=\"uncont\" ><div class=\"vc_custom_heading_wrap\"><div class=\"heading-text el-text heading-bigtext\" ><h1 class=\"bigtext\" ><span>AGE BODY CARE<\/span><\/h1><\/div><div class=\"clear\"><\/div><\/div><div class=\"vc_custom_heading_wrap\"><div class=\"heading-text el-text\" ><h2 class=\"h2\" ><span>BODY SCIENCE INSPIRED BY NATURE<\/span><\/h2><\/div><div class=\"clear\"><\/div><\/div><\/div><\/div><\/div><\/div><\/div><div class=\"wpb_column pos-top pos-center align_left column_child col-lg-6 single-internal-gutter\"><div class=\"uncol style-light\" ><div class=\"uncoltable\"><div class=\"uncell no-block-padding\" ><div class=\"uncont\" ><\/div><\/div><\/div><\/div><\/div><\/div><\/div><\/div><\/div><\/div><\/div><\/div><\/div><script id=\"script-row-unique-0\" data-row=\"script-row-unique-0\" type=\"text\/javascript\" class=\"vc_controls\">UNCODE.initRow(document.getElementById(\"row-unique-0\"));<\/script><\/div><\/div><\/div><div data-parent=\"true\" class=\"vc_row row-container\" id=\"row-unique-1\"><div class=\"row unequal col-no-gutter triple-top-padding no-bottom-padding single-h-padding limit-width row-parent\"><div class=\"wpb_row row-inner\"><div class=\"wpb_column pos-middle pos-left align_left align_center_tablet align_center_mobile column_parent col-lg-6 half-internal-gutter\"><div class=\"uncol style-light\"  ><div class=\"uncoltable\"><div class=\"uncell no-block-padding\" ><div class=\"uncont\" style=\" max-width:80%;\" ><div class=\"uncode_text_column\" ><p>AGE BODY CARE is an advanced body care line that acts effectively on cellulite, flaccidity, dehydration, fluid retention and loss of firmness. Inspired by the ecosystems of the earth, ocean, glaciers and forest, it combines biotechnology with ingredients of natural origin and anti-ageing action.<\/p>\n<\/div><\/div><\/div><\/div><\/div><\/div><div class=\"wpb_column pos-top pos-center align_left column_parent col-lg-6 single-internal-gutter\"><div class=\"uncol style-light\"  ><div class=\"uncoltable\"><div class=\"uncell no-block-padding\" ><div class=\"uncont\" ><\/div><\/div><\/div><\/div><\/div><script id=\"script-row-unique-1\" data-row=\"script-row-unique-1\" type=\"text\/javascript\" class=\"vc_controls\">UNCODE.initRow(document.getElementById(\"row-unique-1\"));<\/script><\/div><\/div><\/div><div data-parent=\"true\" class=\"vc_row row-container\" id=\"row-unique-2\"><div class=\"row unequal col-no-gutter no-top-padding no-bottom-padding single-h-padding limit-width row-parent\"><div class=\"wpb_row row-inner\"><div class=\"wpb_column pos-top pos-center align_left column_parent col-lg-6 single-internal-gutter\"><div class=\"uncol style-light\"  ><div class=\"uncoltable\"><div class=\"uncell no-block-padding\" ><div class=\"uncont\" ><div class=\"empty-space empty-double\" ><span class=\"empty-space-inner\"><\/span><\/div>\n<div class=\"uncode-single-media  text-center\"><div class=\"single-wrapper\" style=\"max-width: 80%;\"><div class=\"tmb tmb-light  tmb-media-first tmb-media-last tmb-content-overlay tmb-no-bg\"><div class=\"t-inside\"><div class=\"t-entry-visual\"><div class=\"t-entry-visual-tc\"><div class=\"uncode-single-media-wrapper\"><img decoding=\"async\" class=\"wp-image-1312\" src=\"https:\/\/andreavalomo.com\/wp-content\/uploads\/2025\/06\/AGE-PRODUCTS.jpg\" width=\"1181\" height=\"1181\" alt=\"\" srcset=\"https:\/\/andreavalomo.com\/wp-content\/uploads\/2025\/06\/AGE-PRODUCTS.jpg 1181w, https:\/\/andreavalomo.com\/wp-content\/uploads\/2025\/06\/AGE-PRODUCTS-300x300.jpg 300w, https:\/\/andreavalomo.com\/wp-content\/uploads\/2025\/06\/AGE-PRODUCTS-1024x1024.jpg 1024w, https:\/\/andreavalomo.com\/wp-content\/uploads\/2025\/06\/AGE-PRODUCTS-150x150.jpg 150w, https:\/\/andreavalomo.com\/wp-content\/uploads\/2025\/06\/AGE-PRODUCTS-768x768.jpg 768w, https:\/\/andreavalomo.com\/wp-content\/uploads\/2025\/06\/AGE-PRODUCTS-350x350.jpg 350w, https:\/\/andreavalomo.com\/wp-content\/uploads\/2025\/06\/AGE-PRODUCTS-348x348.jpg 348w\" sizes=\"(max-width: 1181px) 100vw, 1181px\" \/><\/div>\n\t\t\t\t\t<\/div>\n\t\t\t\t<\/div><\/div><\/div><\/div><\/div><\/div><\/div><\/div><\/div><\/div><div class=\"wpb_column pos-top pos-left align_left align_center_tablet align_center_mobile column_parent col-lg-6 half-internal-gutter\"><div class=\"uncol style-light\"  ><div class=\"uncoltable\"><div class=\"uncell no-block-padding\" ><div class=\"uncont\" style=\" max-width:80%;\" ><div class=\"uncode_text_column\" ><p>With innovative active ingredients such as Organic Silicon Complex and Environmental Defense Complex, it protects the skin against environmental aggressors and premature ageing, while moisturising, firming and reshaping the silhouette. Organised into four lines - EARTH, GLACIAL, OCEANIC and FOREST - it offers specific and effective solutions with visible results and sensorial textures.<\/p>\n<\/div><\/div><\/div><\/div><\/div><\/div><script id=\"script-row-unique-2\" data-row=\"script-row-unique-2\" type=\"text\/javascript\" class=\"vc_controls\">UNCODE.initRow(document.getElementById(\"row-unique-2\"));<\/script><\/div><\/div><\/div>\n<\/div>","protected":false},"excerpt":{"rendered":"AGE BODY CARECI\u00caNCIA CORPORAL INSPIRADA NA NATUREZAAGE BODY CARE \u00e9 uma linha de cuidados corporais avan\u00e7ados que atua de forma [...]","protected":false},"author":1,"featured_media":0,"parent":544,"menu_order":0,"comment_status":"closed","ping_status":"closed","template":"","meta":{"footnotes":""},"class_list":["post-859","page","type-page","status-publish","hentry"],"_links":{"self":[{"href":"https:\/\/andreavalomo.com\/en\/wp-json\/wp\/v2\/pages\/859","targetHints":{"allow":["GET"]}}],"collection":[{"href":"https:\/\/andreavalomo.com\/en\/wp-json\/wp\/v2\/pages"}],"about":[{"href":"https:\/\/andreavalomo.com\/en\/wp-json\/wp\/v2\/types\/page"}],"author":[{"embeddable":true,"href":"https:\/\/andreavalomo.com\/en\/wp-json\/wp\/v2\/users\/1"}],"replies":[{"embeddable":true,"href":"https:\/\/andreavalomo.com\/en\/wp-json\/wp\/v2\/comments?post=859"}],"version-history":[{"count":0,"href":"https:\/\/andreavalomo.com\/en\/wp-json\/wp\/v2\/pages\/859\/revisions"}],"up":[{"embeddable":true,"href":"https:\/\/andreavalomo.com\/en\/wp-json\/wp\/v2\/pages\/544"}],"wp:attachment":[{"href":"https:\/\/andreavalomo.com\/en\/wp-json\/wp\/v2\/media?parent=859"}],"curies":[{"name":"wp","href":"https:\/\/api.w.org\/{rel}","templated":true}]}}